{"id":64,"date":"2018-12-20T01:09:15","date_gmt":"2018-12-19T23:09:15","guid":{"rendered":"http:\/\/iph.localhost\/?page_id=64"},"modified":"2021-07-28T15:01:23","modified_gmt":"2021-07-28T13:01:23","slug":"cimlap","status":"publish","type":"page","link":"http:\/\/www.iph.hu\/en\/","title":{"rendered":"C\u00edmlap"},"content":{"rendered":"\t\t<div data-elementor-type=\"wp-post\" data-elementor-id=\"64\" class=\"elementor elementor-64\">\n\t\t\t\t\t\t<section class=\"elementor-section elementor-top-section elementor-element elementor-element-f1e89d1 elementor-section-full_width elementor-section-height-default elementor-section-height-default\" data-id=\"f1e89d1\" data-element_type=\"section\">\n\t\t\t\t\t\t<div class=\"elementor-container elementor-column-gap-no\">\n\t\t\t\t\t<div class=\"elementor-column elementor-col-100 elementor-top-column elementor-element elementor-element-d54d1da animated-slow elementor-invisible\" data-id=\"d54d1da\" data-element_type=\"column\" data-settings=\"{&quot;animation&quot;:&quot;fadeIn&quot;}\">\n\t\t\t<div class=\"elementor-widget-wrap elementor-element-populated\">\n\t\t\t\t\t\t<div class=\"elementor-element elementor-element-fe90ef8 animated-slow elementor-invisible elementor-widget elementor-widget-heading\" data-id=\"fe90ef8\" data-element_type=\"widget\" data-settings=\"{&quot;_animation&quot;:&quot;fadeInDown&quot;}\" data-widget_type=\"heading.default\">\n\t\t\t\t<div class=\"elementor-widget-container\">\n\t\t\t<h1 class=\"elementor-heading-title elementor-size-default\">MI\u00c9RT TATAB\u00c1NYA?<\/h1>\t\t<\/div>\n\t\t\t\t<\/div>\n\t\t\t\t\t<\/div>\n\t\t<\/div>\n\t\t\t\t\t<\/div>\n\t\t<\/section>\n\t\t\t\t<section class=\"elementor-section elementor-top-section elementor-element elementor-element-4f1aa75 elementor-section-full_width full-width elementor-section-height-default elementor-section-height-default\" data-id=\"4f1aa75\" data-element_type=\"section\" data-settings=\"{&quot;background_background&quot;:&quot;classic&quot;}\">\n\t\t\t\t\t\t<div class=\"elementor-container elementor-column-gap-no\">\n\t\t\t\t\t<div class=\"elementor-column elementor-col-50 elementor-top-column elementor-element elementor-element-ff34746\" data-id=\"ff34746\" data-element_type=\"column\">\n\t\t\t<div class=\"elementor-widget-wrap elementor-element-populated\">\n\t\t\t\t\t\t<div class=\"elementor-element elementor-element-ed1bab6 animated-slow elementor-invisible elementor-widget elementor-widget-image\" data-id=\"ed1bab6\" data-element_type=\"widget\" data-settings=\"{&quot;_animation&quot;:&quot;fadeInLeft&quot;}\" data-widget_type=\"image.default\">\n\t\t\t\t<div class=\"elementor-widget-container\">\n\t\t\t\t\t\t\t\t\t\t\t\t\t<img fetchpriority=\"high\" decoding=\"async\" width=\"669\" height=\"278\" src=\"http:\/\/www.iph.hu\/wp-content\/uploads\/2019\/02\/miert_tatabanya_1-1.jpg\" class=\"elementor-animation-wobble-horizontal attachment-large size-large wp-image-155\" alt=\"\" srcset=\"http:\/\/www.iph.hu\/wp-content\/uploads\/2019\/02\/miert_tatabanya_1-1.jpg 669w, http:\/\/www.iph.hu\/wp-content\/uploads\/2019\/02\/miert_tatabanya_1-1-300x125.jpg 300w\" sizes=\"(max-width: 669px) 100vw, 669px\" \/>\t\t\t\t\t\t\t\t\t\t\t\t\t<\/div>\n\t\t\t\t<\/div>\n\t\t\t\t<div class=\"elementor-element elementor-element-618f01d animated-slow elementor-invisible elementor-widget elementor-widget-image\" data-id=\"618f01d\" data-element_type=\"widget\" data-settings=\"{&quot;_animation&quot;:&quot;fadeInLeft&quot;}\" data-widget_type=\"image.default\">\n\t\t\t\t<div class=\"elementor-widget-container\">\n\t\t\t\t\t\t\t\t\t\t\t\t\t<img decoding=\"async\" width=\"669\" height=\"278\" src=\"http:\/\/www.iph.hu\/wp-content\/uploads\/2019\/02\/miert_tatabanya_3-1.jpg\" class=\"elementor-animation-wobble-horizontal attachment-large size-large wp-image-158\" alt=\"\" srcset=\"http:\/\/www.iph.hu\/wp-content\/uploads\/2019\/02\/miert_tatabanya_3-1.jpg 669w, http:\/\/www.iph.hu\/wp-content\/uploads\/2019\/02\/miert_tatabanya_3-1-300x125.jpg 300w\" sizes=\"(max-width: 669px) 100vw, 669px\" \/>\t\t\t\t\t\t\t\t\t\t\t\t\t<\/div>\n\t\t\t\t<\/div>\n\t\t\t\t\t<\/div>\n\t\t<\/div>\n\t\t\t\t<div class=\"elementor-column elementor-col-50 elementor-top-column elementor-element elementor-element-97855da\" data-id=\"97855da\" data-element_type=\"column\">\n\t\t\t<div class=\"elementor-widget-wrap elementor-element-populated\">\n\t\t\t\t\t\t<div class=\"elementor-element elementor-element-7c54af5 animated-slow elementor-invisible elementor-widget elementor-widget-image\" data-id=\"7c54af5\" data-element_type=\"widget\" data-settings=\"{&quot;_animation&quot;:&quot;fadeInRight&quot;}\" data-widget_type=\"image.default\">\n\t\t\t\t<div class=\"elementor-widget-container\">\n\t\t\t\t\t\t\t\t\t\t\t\t\t<img decoding=\"async\" width=\"669\" height=\"278\" src=\"http:\/\/www.iph.hu\/wp-content\/uploads\/2019\/02\/miert_tatabanya_2-1.jpg\" class=\"elementor-animation-wobble-horizontal attachment-large size-large wp-image-157\" alt=\"\" srcset=\"http:\/\/www.iph.hu\/wp-content\/uploads\/2019\/02\/miert_tatabanya_2-1.jpg 669w, http:\/\/www.iph.hu\/wp-content\/uploads\/2019\/02\/miert_tatabanya_2-1-300x125.jpg 300w\" sizes=\"(max-width: 669px) 100vw, 669px\" \/>\t\t\t\t\t\t\t\t\t\t\t\t\t<\/div>\n\t\t\t\t<\/div>\n\t\t\t\t<div class=\"elementor-element elementor-element-98c74a8 animated-slow elementor-invisible elementor-widget elementor-widget-image\" data-id=\"98c74a8\" data-element_type=\"widget\" data-settings=\"{&quot;_animation&quot;:&quot;fadeInRight&quot;}\" data-widget_type=\"image.default\">\n\t\t\t\t<div class=\"elementor-widget-container\">\n\t\t\t\t\t\t\t\t\t\t\t\t\t<img loading=\"lazy\" decoding=\"async\" width=\"669\" height=\"278\" src=\"http:\/\/www.iph.hu\/wp-content\/uploads\/2019\/02\/miert_tatabanya_4-1.jpg\" class=\"elementor-animation-wobble-horizontal attachment-large size-large wp-image-159\" alt=\"\" srcset=\"http:\/\/www.iph.hu\/wp-content\/uploads\/2019\/02\/miert_tatabanya_4-1.jpg 669w, http:\/\/www.iph.hu\/wp-content\/uploads\/2019\/02\/miert_tatabanya_4-1-300x125.jpg 300w\" sizes=\"(max-width: 669px) 100vw, 669px\" \/>\t\t\t\t\t\t\t\t\t\t\t\t\t<\/div>\n\t\t\t\t<\/div>\n\t\t\t\t\t<\/div>\n\t\t<\/div>\n\t\t\t\t\t<\/div>\n\t\t<\/section>\n\t\t\t\t<section class=\"elementor-section elementor-top-section elementor-element elementor-element-9d20162 elementor-section-full_width elementor-section-height-default elementor-section-height-default\" data-id=\"9d20162\" data-element_type=\"section\">\n\t\t\t\t\t\t<div class=\"elementor-container elementor-column-gap-no\">\n\t\t\t\t\t<div class=\"elementor-column elementor-col-100 elementor-top-column elementor-element elementor-element-b51676f animated-slow elementor-invisible\" data-id=\"b51676f\" data-element_type=\"column\" data-settings=\"{&quot;animation&quot;:&quot;fadeIn&quot;}\">\n\t\t\t<div class=\"elementor-widget-wrap elementor-element-populated\">\n\t\t\t\t\t\t<div class=\"elementor-element elementor-element-2c03266 elementor-invisible elementor-widget elementor-widget-heading\" data-id=\"2c03266\" data-element_type=\"widget\" data-settings=\"{&quot;_animation&quot;:&quot;bounceInDown&quot;}\" data-widget_type=\"heading.default\">\n\t\t\t\t<div class=\"elementor-widget-container\">\n\t\t\t<h1 class=\"elementor-heading-title elementor-size-default\">N\u00c9ZZEN K\u00d6R\u00dcL A MAGASB\u00d3L!<\/h1>\t\t<\/div>\n\t\t\t\t<\/div>\n\t\t\t\t\t<\/div>\n\t\t<\/div>\n\t\t\t\t\t<\/div>\n\t\t<\/section>\n\t\t\t\t<section class=\"elementor-section elementor-top-section elementor-element elementor-element-2043cd0 animated-slow elementor-section-full_width elementor-section-height-default elementor-section-height-default elementor-invisible\" data-id=\"2043cd0\" data-element_type=\"section\" data-settings=\"{&quot;animation&quot;:&quot;zoomIn&quot;}\">\n\t\t\t\t\t\t<div class=\"elementor-container elementor-column-gap-default\">\n\t\t\t\t\t<div class=\"elementor-column elementor-col-100 elementor-top-column elementor-element elementor-element-e8824da\" data-id=\"e8824da\" data-element_type=\"column\">\n\t\t\t<div class=\"elementor-widget-wrap elementor-element-populated\">\n\t\t\t\t\t\t<div class=\"elementor-element elementor-element-a7247c1 elementor-widget elementor-widget-video\" data-id=\"a7247c1\" data-element_type=\"widget\" data-settings=\"{&quot;youtube_url&quot;:&quot;https:\\\/\\\/www.youtube.com\\\/watch?v=tVQ-zKQpqPU&quot;,&quot;loop&quot;:&quot;yes&quot;,&quot;video_type&quot;:&quot;youtube&quot;,&quot;controls&quot;:&quot;yes&quot;}\" data-widget_type=\"video.default\">\n\t\t\t\t<div class=\"elementor-widget-container\">\n\t\t\t\t\t<div class=\"elementor-wrapper elementor-open-inline\">\n\t\t\t<div class=\"elementor-video\"><\/div>\t\t<\/div>\n\t\t\t\t<\/div>\n\t\t\t\t<\/div>\n\t\t\t\t\t<\/div>\n\t\t<\/div>\n\t\t\t\t\t<\/div>\n\t\t<\/section>\n\t\t\t\t<section class=\"elementor-section elementor-top-section elementor-element elementor-element-c86efac elementor-section-full_width elementor-section-height-default elementor-section-height-default\" data-id=\"c86efac\" data-element_type=\"section\">\n\t\t\t\t\t\t<div class=\"elementor-container elementor-column-gap-no\">\n\t\t\t\t\t<div class=\"elementor-column elementor-col-100 elementor-top-column elementor-element elementor-element-7911935\" data-id=\"7911935\" data-element_type=\"column\">\n\t\t\t<div class=\"elementor-widget-wrap elementor-element-populated\">\n\t\t\t\t\t\t<div class=\"elementor-element elementor-element-55b6f3a elementor-invisible elementor-widget elementor-widget-heading\" data-id=\"55b6f3a\" data-element_type=\"widget\" data-settings=\"{&quot;_animation&quot;:&quot;fadeInDown&quot;}\" data-widget_type=\"heading.default\">\n\t\t\t\t<div class=\"elementor-widget-container\">\n\t\t\t<h1 class=\"elementor-heading-title elementor-size-default\">A V\u00c1ROS \u00c9S K\u00d6RNY\u00c9KE<\/h1>\t\t<\/div>\n\t\t\t\t<\/div>\n\t\t\t\t\t<\/div>\n\t\t<\/div>\n\t\t\t\t\t<\/div>\n\t\t<\/section>\n\t\t\t\t<section class=\"elementor-section elementor-top-section elementor-element elementor-element-c6a5ebd elementor-section-full_width elementor-section-height-default elementor-section-height-default\" data-id=\"c6a5ebd\" data-element_type=\"section\">\n\t\t\t\t\t\t<div class=\"elementor-container elementor-column-gap-default\">\n\t\t\t\t\t<div class=\"elementor-column elementor-col-33 elementor-top-column elementor-element elementor-element-d7248c7\" data-id=\"d7248c7\" data-element_type=\"column\">\n\t\t\t<div class=\"elementor-widget-wrap elementor-element-populated\">\n\t\t\t\t\t\t<div class=\"elementor-element elementor-element-e02c433 animated-slow elementor-invisible elementor-widget elementor-widget-image\" data-id=\"e02c433\" data-element_type=\"widget\" data-settings=\"{&quot;_animation&quot;:&quot;fadeInDown&quot;}\" data-widget_type=\"image.default\">\n\t\t\t\t<div class=\"elementor-widget-container\">\n\t\t\t\t\t\t\t\t\t\t\t\t\t\t<a href=\"\/tatabanya-es-kornyeke\/tatabanya\/\">\n\t\t\t\t\t\t\t<img loading=\"lazy\" decoding=\"async\" width=\"413\" height=\"250\" src=\"http:\/\/www.iph.hu\/wp-content\/uploads\/2019\/03\/varos_es_kornyeke_1.jpg\" class=\"elementor-animation-bounce-in attachment-large size-large wp-image-338\" alt=\"\" srcset=\"http:\/\/www.iph.hu\/wp-content\/uploads\/2019\/03\/varos_es_kornyeke_1.jpg 413w, http:\/\/www.iph.hu\/wp-content\/uploads\/2019\/03\/varos_es_kornyeke_1-300x182.jpg 300w\" sizes=\"(max-width: 413px) 100vw, 413px\" \/>\t\t\t\t\t\t\t\t<\/a>\n\t\t\t\t\t\t\t\t\t\t\t\t\t<\/div>\n\t\t\t\t<\/div>\n\t\t\t\t\t<\/div>\n\t\t<\/div>\n\t\t\t\t<div class=\"elementor-column elementor-col-33 elementor-top-column elementor-element elementor-element-462a7e7\" data-id=\"462a7e7\" data-element_type=\"column\">\n\t\t\t<div class=\"elementor-widget-wrap elementor-element-populated\">\n\t\t\t\t\t\t<div class=\"elementor-element elementor-element-a64846d animated-slow elementor-invisible elementor-widget elementor-widget-image\" data-id=\"a64846d\" data-element_type=\"widget\" data-settings=\"{&quot;_animation&quot;:&quot;fadeInDown&quot;}\" data-widget_type=\"image.default\">\n\t\t\t\t<div class=\"elementor-widget-container\">\n\t\t\t\t\t\t\t\t\t\t\t\t\t\t<a href=\"\/tatabanya-es-kornyeke\/turul-emlekmu\/\">\n\t\t\t\t\t\t\t<img loading=\"lazy\" decoding=\"async\" width=\"413\" height=\"250\" src=\"http:\/\/www.iph.hu\/wp-content\/uploads\/2019\/03\/varos_es_kornyeke_2.jpg\" class=\"elementor-animation-bounce-in attachment-large size-large wp-image-339\" alt=\"\" srcset=\"http:\/\/www.iph.hu\/wp-content\/uploads\/2019\/03\/varos_es_kornyeke_2.jpg 413w, http:\/\/www.iph.hu\/wp-content\/uploads\/2019\/03\/varos_es_kornyeke_2-300x182.jpg 300w\" sizes=\"(max-width: 413px) 100vw, 413px\" \/>\t\t\t\t\t\t\t\t<\/a>\n\t\t\t\t\t\t\t\t\t\t\t\t\t<\/div>\n\t\t\t\t<\/div>\n\t\t\t\t\t<\/div>\n\t\t<\/div>\n\t\t\t\t<div class=\"elementor-column elementor-col-33 elementor-top-column elementor-element elementor-element-3e89446\" data-id=\"3e89446\" data-element_type=\"column\">\n\t\t\t<div class=\"elementor-widget-wrap elementor-element-populated\">\n\t\t\t\t\t\t<div class=\"elementor-element elementor-element-23696bc animated-slow elementor-invisible elementor-widget elementor-widget-image\" data-id=\"23696bc\" data-element_type=\"widget\" data-settings=\"{&quot;_animation&quot;:&quot;fadeInDown&quot;}\" data-widget_type=\"image.default\">\n\t\t\t\t<div class=\"elementor-widget-container\">\n\t\t\t\t\t\t\t\t\t\t\t\t\t\t<a href=\"https:\/\/www.edutus.hu\/\" target=\"_blank\">\n\t\t\t\t\t\t\t<img loading=\"lazy\" decoding=\"async\" width=\"413\" height=\"250\" src=\"http:\/\/www.iph.hu\/wp-content\/uploads\/2019\/03\/varos_es_kornyeke_3.jpg\" class=\"elementor-animation-bounce-in attachment-large size-large wp-image-340\" alt=\"\" srcset=\"http:\/\/www.iph.hu\/wp-content\/uploads\/2019\/03\/varos_es_kornyeke_3.jpg 413w, http:\/\/www.iph.hu\/wp-content\/uploads\/2019\/03\/varos_es_kornyeke_3-300x182.jpg 300w\" sizes=\"(max-width: 413px) 100vw, 413px\" \/>\t\t\t\t\t\t\t\t<\/a>\n\t\t\t\t\t\t\t\t\t\t\t\t\t<\/div>\n\t\t\t\t<\/div>\n\t\t\t\t\t<\/div>\n\t\t<\/div>\n\t\t\t\t\t<\/div>\n\t\t<\/section>\n\t\t\t\t<section class=\"elementor-section elementor-top-section elementor-element elementor-element-b895e04 elementor-section-full_width elementor-section-height-default elementor-section-height-default\" data-id=\"b895e04\" data-element_type=\"section\">\n\t\t\t\t\t\t<div class=\"elementor-container elementor-column-gap-default\">\n\t\t\t\t\t<div class=\"elementor-column elementor-col-33 elementor-top-column elementor-element elementor-element-aea1398\" data-id=\"aea1398\" data-element_type=\"column\">\n\t\t\t<div class=\"elementor-widget-wrap elementor-element-populated\">\n\t\t\t\t\t\t<div class=\"elementor-element elementor-element-0de4e4b animated-slow elementor-invisible elementor-widget elementor-widget-image\" data-id=\"0de4e4b\" data-element_type=\"widget\" data-settings=\"{&quot;_animation&quot;:&quot;fadeInDown&quot;}\" data-widget_type=\"image.default\">\n\t\t\t\t<div class=\"elementor-widget-container\">\n\t\t\t\t\t\t\t\t\t\t\t\t\t\t<a href=\"http:\/\/www.jaszaiszinhaz.hu\/\" target=\"_blank\">\n\t\t\t\t\t\t\t<img loading=\"lazy\" decoding=\"async\" width=\"413\" height=\"250\" src=\"http:\/\/www.iph.hu\/wp-content\/uploads\/2019\/03\/varos_es_kornyeke_4.jpg\" class=\"elementor-animation-bounce-in attachment-large size-large wp-image-341\" alt=\"\" srcset=\"http:\/\/www.iph.hu\/wp-content\/uploads\/2019\/03\/varos_es_kornyeke_4.jpg 413w, http:\/\/www.iph.hu\/wp-content\/uploads\/2019\/03\/varos_es_kornyeke_4-300x182.jpg 300w\" sizes=\"(max-width: 413px) 100vw, 413px\" \/>\t\t\t\t\t\t\t\t<\/a>\n\t\t\t\t\t\t\t\t\t\t\t\t\t<\/div>\n\t\t\t\t<\/div>\n\t\t\t\t\t<\/div>\n\t\t<\/div>\n\t\t\t\t<div class=\"elementor-column elementor-col-33 elementor-top-column elementor-element elementor-element-a065fac\" data-id=\"a065fac\" data-element_type=\"column\">\n\t\t\t<div class=\"elementor-widget-wrap elementor-element-populated\">\n\t\t\t\t\t\t<div class=\"elementor-element elementor-element-fb6ada2 animated-slow elementor-invisible elementor-widget elementor-widget-image\" data-id=\"fb6ada2\" data-element_type=\"widget\" data-settings=\"{&quot;_animation&quot;:&quot;fadeInDown&quot;}\" data-widget_type=\"image.default\">\n\t\t\t\t<div class=\"elementor-widget-container\">\n\t\t\t\t\t\t\t\t\t\t\t\t\t\t<a href=\"https:\/\/gyemantfurdo.hu\/\" target=\"_blank\">\n\t\t\t\t\t\t\t<img loading=\"lazy\" decoding=\"async\" width=\"413\" height=\"250\" src=\"http:\/\/www.iph.hu\/wp-content\/uploads\/2019\/03\/varos_es_kornyeke_5.jpg\" class=\"elementor-animation-bounce-in attachment-large size-large wp-image-342\" alt=\"\" srcset=\"http:\/\/www.iph.hu\/wp-content\/uploads\/2019\/03\/varos_es_kornyeke_5.jpg 413w, http:\/\/www.iph.hu\/wp-content\/uploads\/2019\/03\/varos_es_kornyeke_5-300x182.jpg 300w\" sizes=\"(max-width: 413px) 100vw, 413px\" \/>\t\t\t\t\t\t\t\t<\/a>\n\t\t\t\t\t\t\t\t\t\t\t\t\t<\/div>\n\t\t\t\t<\/div>\n\t\t\t\t\t<\/div>\n\t\t<\/div>\n\t\t\t\t<div class=\"elementor-column elementor-col-33 elementor-top-column elementor-element elementor-element-f5546f5\" data-id=\"f5546f5\" data-element_type=\"column\">\n\t\t\t<div class=\"elementor-widget-wrap elementor-element-populated\">\n\t\t\t\t\t\t<div class=\"elementor-element elementor-element-cff0e9e animated-slow elementor-invisible elementor-widget elementor-widget-image\" data-id=\"cff0e9e\" data-element_type=\"widget\" data-settings=\"{&quot;_animation&quot;:&quot;fadeInDown&quot;}\" data-widget_type=\"image.default\">\n\t\t\t\t<div class=\"elementor-widget-container\">\n\t\t\t\t\t\t\t\t\t\t\t\t\t\t<a href=\"https:\/\/tata.hu\/4207\/oreg_to\" target=\"_blank\">\n\t\t\t\t\t\t\t<img loading=\"lazy\" decoding=\"async\" width=\"413\" height=\"250\" src=\"http:\/\/www.iph.hu\/wp-content\/uploads\/2019\/03\/varos_es_kornyeke_6.jpg\" class=\"elementor-animation-bounce-in attachment-large size-large wp-image-343\" alt=\"\" srcset=\"http:\/\/www.iph.hu\/wp-content\/uploads\/2019\/03\/varos_es_kornyeke_6.jpg 413w, http:\/\/www.iph.hu\/wp-content\/uploads\/2019\/03\/varos_es_kornyeke_6-300x182.jpg 300w\" sizes=\"(max-width: 413px) 100vw, 413px\" \/>\t\t\t\t\t\t\t\t<\/a>\n\t\t\t\t\t\t\t\t\t\t\t\t\t<\/div>\n\t\t\t\t<\/div>\n\t\t\t\t\t<\/div>\n\t\t<\/div>\n\t\t\t\t\t<\/div>\n\t\t<\/section>\n\t\t\t\t<section class=\"elementor-section elementor-top-section elementor-element elementor-element-0ed71f0 elementor-section-full_width elementor-section-height-default elementor-section-height-default\" data-id=\"0ed71f0\" data-element_type=\"section\">\n\t\t\t\t\t\t<div class=\"elementor-container elementor-column-gap-no\">\n\t\t\t\t\t<div class=\"elementor-column elementor-col-100 elementor-top-column elementor-element elementor-element-f3ae558\" data-id=\"f3ae558\" data-element_type=\"column\">\n\t\t\t<div class=\"elementor-widget-wrap elementor-element-populated\">\n\t\t\t\t\t\t<div class=\"elementor-element elementor-element-65ed0b8 elementor-invisible elementor-widget elementor-widget-heading\" data-id=\"65ed0b8\" data-element_type=\"widget\" data-settings=\"{&quot;_animation&quot;:&quot;fadeInDown&quot;}\" data-widget_type=\"heading.default\">\n\t\t\t\t<div class=\"elementor-widget-container\">\n\t\t\t<h1 class=\"elementor-heading-title elementor-size-default\">BETELEP\u00dcLT T\u00c1RSAS\u00c1GOK<\/h1>\t\t<\/div>\n\t\t\t\t<\/div>\n\t\t\t\t\t<\/div>\n\t\t<\/div>\n\t\t\t\t\t<\/div>\n\t\t<\/section>\n\t\t\t\t<section class=\"elementor-section elementor-top-section elementor-element elementor-element-b26028f elementor-section-full_width full-width elementor-section-height-default elementor-section-height-default\" data-id=\"b26028f\" data-element_type=\"section\" data-settings=\"{&quot;background_background&quot;:&quot;classic&quot;}\">\n\t\t\t\t\t\t<div class=\"elementor-container elementor-column-gap-default\">\n\t\t\t\t\t<div class=\"elementor-column elementor-col-100 elementor-top-column elementor-element elementor-element-6c7e137\" data-id=\"6c7e137\" data-element_type=\"column\">\n\t\t\t<div class=\"elementor-widget-wrap elementor-element-populated\">\n\t\t\t\t\t\t<div class=\"elementor-element elementor-element-113e66c animated-slow elementor-arrows-position-inside elementor-invisible elementor-widget elementor-widget-image-carousel\" data-id=\"113e66c\" data-element_type=\"widget\" data-settings=\"{&quot;slides_to_show&quot;:&quot;4&quot;,&quot;navigation&quot;:&quot;arrows&quot;,&quot;autoplay_speed&quot;:1000,&quot;speed&quot;:3000,&quot;_animation&quot;:&quot;bounceInDown&quot;,&quot;autoplay&quot;:&quot;yes&quot;,&quot;pause_on_hover&quot;:&quot;yes&quot;,&quot;pause_on_interaction&quot;:&quot;yes&quot;,&quot;infinite&quot;:&quot;yes&quot;}\" data-widget_type=\"image-carousel.default\">\n\t\t\t\t<div class=\"elementor-widget-container\">\n\t\t\t\t\t<div class=\"elementor-image-carousel-wrapper swiper\" dir=\"ltr\">\n\t\t\t<div class=\"elementor-image-carousel swiper-wrapper\" aria-live=\"off\">\n\t\t\t\t\t\t\t\t<div class=\"swiper-slide\" role=\"group\" aria-roledescription=\"slide\" aria-label=\"1 of 4\"><figure class=\"swiper-slide-inner\"><img decoding=\"async\" class=\"swiper-slide-image\" src=\"http:\/\/www.iph.hu\/wp-content\/uploads\/elementor\/thumbs\/logo_grundfos-pape5om85r3ndc0fftnrgqbb5avcgbztbboh6ue89c.jpg\" alt=\"logo_grundfos\" \/><\/figure><\/div><div class=\"swiper-slide\" role=\"group\" aria-roledescription=\"slide\" aria-label=\"2 of 4\"><figure class=\"swiper-slide-inner\"><img decoding=\"async\" class=\"swiper-slide-image\" src=\"http:\/\/www.iph.hu\/wp-content\/uploads\/elementor\/thumbs\/logo_bridgestone-pape5om85r3ndc0fftnrgqbb5avcgbztbboh6ue89c.jpg\" alt=\"logo_bridgestone\" \/><\/figure><\/div><div class=\"swiper-slide\" role=\"group\" aria-roledescription=\"slide\" aria-label=\"3 of 4\"><figure class=\"swiper-slide-inner\"><img decoding=\"async\" class=\"swiper-slide-image\" src=\"http:\/\/www.iph.hu\/wp-content\/uploads\/elementor\/thumbs\/logo_bd-pape5om85r3ndc0fftnrgqbb5avcgbztbboh6ue89c.jpg\" alt=\"logo_bd\" \/><\/figure><\/div><div class=\"swiper-slide\" role=\"group\" aria-roledescription=\"slide\" aria-label=\"4 of 4\"><figure class=\"swiper-slide-inner\"><img decoding=\"async\" class=\"swiper-slide-image\" src=\"http:\/\/www.iph.hu\/wp-content\/uploads\/elementor\/thumbs\/logo_agc-pape5om85r3ndc0fftnrgqbb5avcgbztbboh6ue89c.jpg\" alt=\"logo_agc\" \/><\/figure><\/div>\t\t\t<\/div>\n\t\t\t\t\t\t\t\t\t\t\t\t<div class=\"elementor-swiper-button elementor-swiper-button-prev\" role=\"button\" tabindex=\"0\">\n\t\t\t\t\t\t<i aria-hidden=\"true\" class=\"eicon-chevron-left\"><\/i>\t\t\t\t\t<\/div>\n\t\t\t\t\t<div class=\"elementor-swiper-button elementor-swiper-button-next\" role=\"button\" tabindex=\"0\">\n\t\t\t\t\t\t<i aria-hidden=\"true\" class=\"eicon-chevron-right\"><\/i>\t\t\t\t\t<\/div>\n\t\t\t\t\n\t\t\t\t\t\t\t\t\t<\/div>\n\t\t\t\t<\/div>\n\t\t\t\t<\/div>\n\t\t\t\t\t<\/div>\n\t\t<\/div>\n\t\t\t\t\t<\/div>\n\t\t<\/section>\n\t\t\t\t<section class=\"elementor-section elementor-top-section elementor-element elementor-element-e6ced11 elementor-section-full_width elementor-section-height-default elementor-section-height-default elementor-invisible\" data-id=\"e6ced11\" data-element_type=\"section\" data-settings=\"{&quot;animation&quot;:&quot;rotateInDownLeft&quot;}\">\n\t\t\t\t\t\t<div class=\"elementor-container elementor-column-gap-no\">\n\t\t\t\t\t<div class=\"elementor-column elementor-col-100 elementor-top-column elementor-element elementor-element-fb861af\" data-id=\"fb861af\" data-element_type=\"column\">\n\t\t\t<div class=\"elementor-widget-wrap elementor-element-populated\">\n\t\t\t\t\t\t<div class=\"elementor-element elementor-element-9003da1 elementor-invisible elementor-widget elementor-widget-heading\" data-id=\"9003da1\" data-element_type=\"widget\" data-settings=\"{&quot;_animation&quot;:&quot;rotateInDownLeft&quot;}\" data-widget_type=\"heading.default\">\n\t\t\t\t<div class=\"elementor-widget-container\">\n\t\t\t<h1 class=\"elementor-heading-title elementor-size-default\">K\u00d6NNY\u0170 MEGK\u00d6ZEL\u00cdTHET\u0150S\u00c9G<\/h1>\t\t<\/div>\n\t\t\t\t<\/div>\n\t\t\t\t\t<\/div>\n\t\t<\/div>\n\t\t\t\t\t<\/div>\n\t\t<\/section>\n\t\t\t\t<section class=\"elementor-section elementor-top-section elementor-element elementor-element-467123d elementor-section-full_width animated-slow full-width elementor-section-height-default elementor-section-height-default elementor-invisible\" data-id=\"467123d\" data-element_type=\"section\" data-settings=\"{&quot;animation&quot;:&quot;rotateInDownRight&quot;}\">\n\t\t\t\t\t\t<div class=\"elementor-container elementor-column-gap-no\">\n\t\t\t\t\t<div class=\"elementor-column elementor-col-100 elementor-top-column elementor-element elementor-element-22b08a6\" data-id=\"22b08a6\" data-element_type=\"column\">\n\t\t\t<div class=\"elementor-widget-wrap elementor-element-populated\">\n\t\t\t\t\t\t<div class=\"elementor-element elementor-element-a7f446a elementor-widget elementor-widget-html\" data-id=\"a7f446a\" data-element_type=\"widget\" data-widget_type=\"html.default\">\n\t\t\t\t<div class=\"elementor-widget-container\">\n\t\t\t<p>\n<iframe src=\"https:\/\/www.google.com\/maps\/embed?pb=!1m18!1m12!1m3!1d12802.209610806742!2d18.383616026903212!3d47.58076384901921!2m3!1f0!2f0!3f0!3m2!1i1024!2i768!4f13.1!3m3!1m2!1s0x476a40e798b02ec9%3A0x9571fd5a17be3eb!2sIpari+Projekt+Hung%C3%A1ria+Kft.!5e0!3m2!1shu!2shu!4v1548278525566\" width=\"1340\" height=\"450\" frameborder=\"0\" style=\"border:0\" allowfullscreen><\/iframe><\/p>\t\t<\/div>\n\t\t\t\t<\/div>\n\t\t\t\t\t<\/div>\n\t\t<\/div>\n\t\t\t\t\t<\/div>\n\t\t<\/section>\n\t\t\t\t<\/div>\n\t\t","protected":false},"excerpt":{"rendered":"<p>MI\u00c9RT TATAB\u00c1NYA? (en) N\u00c9ZZEN K\u00d6R\u00dcL A MAGASB\u00d3L! A V\u00c1ROS \u00c9S K\u00d6RNY\u00c9KE BETELEP\u00dcLT T\u00c1RSAS\u00c1GOK K\u00d6NNY\u0170 MEGK\u00d6ZEL\u00cdTHET\u0150S\u00c9G<\/p>\n","protected":false},"author":1,"featured_media":0,"parent":247,"menu_order":0,"comment_status":"closed","ping_status":"closed","template":"","meta":{"footnotes":""},"translation":{"provider":"WPGlobus","version":"2.12.2","language":"en","enabled_languages":["hu","en","zh"],"languages":{"hu":{"title":true,"content":true,"excerpt":false},"en":{"title":true,"content":true,"excerpt":false},"zh":{"title":false,"content":false,"excerpt":false}}},"_links":{"self":[{"href":"http:\/\/www.iph.hu\/en\/wp-json\/wp\/v2\/pages\/64"}],"collection":[{"href":"http:\/\/www.iph.hu\/en\/wp-json\/wp\/v2\/pages"}],"about":[{"href":"http:\/\/www.iph.hu\/en\/wp-json\/wp\/v2\/types\/page"}],"author":[{"embeddable":true,"href":"http:\/\/www.iph.hu\/en\/wp-json\/wp\/v2\/users\/1"}],"replies":[{"embeddable":true,"href":"http:\/\/www.iph.hu\/en\/wp-json\/wp\/v2\/comments?post=64"}],"version-history":[{"count":92,"href":"http:\/\/www.iph.hu\/en\/wp-json\/wp\/v2\/pages\/64\/revisions"}],"predecessor-version":[{"id":417,"href":"http:\/\/www.iph.hu\/en\/wp-json\/wp\/v2\/pages\/64\/revisions\/417"}],"up":[{"embeddable":true,"href":"http:\/\/www.iph.hu\/en\/wp-json\/wp\/v2\/pages\/247"}],"wp:attachment":[{"href":"http:\/\/www.iph.hu\/en\/wp-json\/wp\/v2\/media?parent=64"}],"curies":[{"name":"wp","href":"https:\/\/api.w.org\/{rel}","templated":true}]}}